{"id":1876,"date":"2019-12-04T15:51:47","date_gmt":"2019-12-04T10:21:47","guid":{"rendered":"https:\/\/norfolkmansion.com\/terms-of-use\/"},"modified":"2020-06-02T09:21:19","modified_gmt":"2020-06-02T03:51:19","slug":"terms-conditions","status":"publish","type":"page","link":"https:\/\/norfolkmansion.com\/vi\/terms-conditions\/","title":{"rendered":"\u0110i\u1ec1u Kho\u1ea3n &#038; \u0110i\u1ec1u Ki\u1ec7n"},"content":{"rendered":"<p>Ch\u00e0o m\u1eebng \u0111\u1ebfn Norfolk Mansion!<\/p>\n<p>C\u00e1c \u0111i\u1ec1u kho\u1ea3n v\u00e0 \u0111i\u1ec1u ki\u1ec7n d\u01b0\u1edbi \u0111\u00e2y ph\u00e1c th\u1ea3o c\u00e1c quy t\u1eafc v\u00e0 quy \u0111\u1ecbnh cho vi\u1ec7c s\u1eed d\u1ee5ng trang web c\u1ee7a Norfolk Mansion v\u1edbi kh\u00e1ch h\u00e0ng t\u1ea1i \u0111\u1ecba ch\u1ec9 trang<br \/>\n<a href=\"https:\/\/norfolkmansion.com\">https:\/\/norfolkmansion.com<\/a>.<\/p>\n<p>B\u1eb1ng c\u00e1ch truy c\u1eadp trang web n\u00e0y, ch\u00fang t\u00f4i cho r\u1eb1ng qu\u00fd kh\u00e1ch \u0111\u00e3 ch\u1ea5p nh\u1eadn c\u00e1c \u0111i\u1ec1u kho\u1ea3n v\u00e0 \u0111i\u1ec1u ki\u1ec7n. Qu\u00fd kh\u00e1ch c\u00f3 quy\u1ec1n d\u1eebng s\u1eed d\u1ee5ng trang web c\u1ee7a Norfolk Mansion n\u1ebfu kh\u00f4ng \u0111\u1ed3ng \u00fd th\u1ef1c hi\u1ec7n t\u1ea5t c\u1ea3 c\u00e1c \u0111i\u1ec1u kho\u1ea3n v\u00e0 \u0111i\u1ec1u ki\u1ec7n \u0111\u01b0\u1ee3c n\u00eau tr\u00ean trang n\u00e0y.<\/p>\n<p>Thu\u1eadt ng\u1eef sau \u00e1p d\u1ee5ng cho c\u00e1c \u0110i\u1ec1u kho\u1ea3n v\u00e0 \u0110i\u1ec1u ki\u1ec7n, Tuy\u00ean b\u1ed1 v\u1ec1 quy\u1ec1n ri\u00eang t\u01b0 v\u00e0 Th\u00f4ng b\u00e1o t\u1eeb ch\u1ed1i tr\u00e1ch nhi\u1ec7m v\u00e0 t\u1ea5t c\u1ea3 c\u00e1c Th\u1ecfa thu\u1eadn: &#8220;Kh\u00e1ch h\u00e0ng&#8221;, &#8220;B\u1ea1n&#8221; v\u00e0 &#8220;Qu\u00fd kh\u00e1ch&#8221; \u0111\u1ec1 c\u1eadp \u0111\u1ebfn kh\u00e1ch h\u00e0ng, ng\u01b0\u1eddi \u0111\u0103ng nh\u1eadp v\u00e0o trang web n\u00e0y v\u00e0 tu\u00e2n th\u1ee7 c\u00e1c \u0111i\u1ec1u kho\u1ea3n v\u00e0 \u0111i\u1ec1u ki\u1ec7n c\u1ee7a C\u00f4ng ty. &#8220;C\u00f4ng ty&#8221;, &#8220;Ch\u00fang t\u00f4i&#8221; v\u00e0 &#8220;C\u1ee7a ch\u00fang t\u00f4i&#8221; \u0111\u1ec1 c\u1eadp \u0111\u1ebfn C\u00f4ng ty c\u1ee7a ch\u00fang t\u00f4i. &#8220;B\u00ean&#8221;, &#8220;C\u00e1c b\u00ean&#8221; ho\u1eb7c &#8220;Ch\u00fang t\u00f4i&#8221;, \u0111\u1ec1 c\u1eadp \u0111\u1ebfn c\u1ea3 Kh\u00e1ch h\u00e0ng v\u00e0 ch\u00ednh Norkfolk Mansion. T\u1ea5t c\u1ea3 c\u00e1c \u0111i\u1ec1u kho\u1ea3n \u0111\u1ec1 c\u1eadp \u0111\u1ebfn \u0111\u1ec1 ngh\u1ecb, ch\u1ea5p nh\u1eadn v\u00e0 xem x\u00e9t thanh to\u00e1n c\u1ea7n thi\u1ebft \u0111\u1ec3 th\u1ef1c hi\u1ec7n quy tr\u00ecnh h\u1ed7 tr\u1ee3 \u0111\u1ed1i v\u1edbi Kh\u00e1ch h\u00e0ng theo c\u00e1ch ph\u00f9 h\u1ee3p nh\u1ea5t \u0111\u1ec3 \u0111\u00e1p \u1ee9ng nhu c\u1ea7u c\u1ee7a Kh\u00e1ch h\u00e0ng \u0111\u1ed1i v\u1edbi vi\u1ec7c cung c\u1ea5p c\u00e1c d\u1ecbch v\u1ee5 \u0111\u00e3 n\u00eau c\u1ee7a Norkfolk Mansion, ph\u00f9 h\u1ee3p v\u00e0 tu\u00e2n theo lu\u1eadt ph\u00e1p hi\u1ec7n h\u00e0nh c\u1ee7a Vi\u1ec7t Nam. B\u1ea5t k\u1ef3 vi\u1ec7c s\u1eed d\u1ee5ng c\u00e1c thu\u1eadt ng\u1eef tr\u00ean ho\u1eb7c c\u00e1c t\u1eeb kh\u00e1c trong s\u1ed1 \u00edt, s\u1ed1 nhi\u1ec1u, vi\u1ebft hoa v\u00e0 \/ ho\u1eb7c anh \u1ea5y \/ c\u00f4 \u1ea5y, \u0111\u01b0\u1ee3c coi l\u00e0 c\u00f3 th\u1ec3 thay th\u1ebf cho nhau v\u00e0 do \u0111\u00f3 \u0111\u01b0\u1ee3c \u0111\u1ec1 c\u1eadp \u0111\u1ebfn nh\u01b0 nhau.<\/p>\n<h3><strong>T\u1eadp tin Cookies<\/strong><\/h3>\n<p>B\u1eb1ng c\u00e1ch truy c\u1eadp v\u00e0o trang web Norfolk Mansion, Qu\u00fd kh\u00e1ch \u0111\u00e3 \u0111\u1ed3ng \u00fd s\u1eed d\u1ee5ng cookies theo th\u1ecfa thu\u1eadn v\u1edbi Ch\u00ednh s\u00e1ch quy\u1ec1n ri\u00eang t\u01b0 c\u1ee7a Norfolk Mansion.<\/p>\n<p>H\u1ea7u h\u1ebft c\u00e1c trang web t\u01b0\u01a1ng t\u00e1c \u0111\u1ec1u s\u1eed d\u1ee5ng cookies \u0111\u1ec3 cho ph\u00e9p c\u00f4ng ty truy xu\u1ea5t th\u00f4ng tin chi ti\u1ebft v\u1ec1 ng\u01b0\u1eddi d\u00f9ng cho m\u1ed7i l\u1ea7n truy c\u1eadp. Cookies \u0111\u01b0\u1ee3c s\u1eed d\u1ee5ng b\u1edfi trang web c\u1ee7a c\u00f4ng ty cho ph\u00e9p ch\u1ee9c n\u0103ng c\u1ee7a m\u1ed9t s\u1ed1 khu v\u1ef1c nh\u1ea5t \u0111\u1ecbnh \u0111\u1ec3 gi\u00fap m\u1ecdi ng\u01b0\u1eddi truy c\u1eadp trang web c\u1ee7a t\u1eadp \u0111o\u00e0n d\u1ec5 d\u00e0ng h\u01a1n. M\u1ed9t s\u1ed1 \u0111\u1ed1i t\u00e1c li\u00ean k\u1ebft \/ qu\u1ea3ng c\u00e1o c\u1ee7a ch\u00fang t\u00f4i c\u0169ng c\u00f3 th\u1ec3 s\u1eed d\u1ee5ng cookies n\u00e0y.<\/p>\n<h3><strong>Gi\u1ea5y ph\u00e9p<\/strong><\/h3>\n<p>Tr\u1eeb khi c\u00f3 quy \u0111\u1ecbnh kh\u00e1c, Norfolk Mansion v\u00e0 \/ ho\u1eb7c ng\u01b0\u1eddi c\u1ea5p ph\u00e9p c\u1ee7a Norfolk Mansion s\u1edf h\u1eefu quy\u1ec1n s\u1edf h\u1eefu tr\u00ed tu\u1ec7 \u0111\u1ed1i v\u1edbi t\u1ea5t c\u1ea3 c\u00e1c t\u00e0i li\u1ec7u tr\u00ean trang web. T\u1ea5t c\u1ea3 c\u00e1c quy\u1ec1n s\u1edf h\u1eefu tr\u00ed tu\u1ec7 \u0111\u01b0\u1ee3c b\u1ea3o l\u01b0u. Qu\u00fd kh\u00e1ch c\u00f3 th\u1ec3 truy c\u1eadp trang n\u00e0y cho nh\u1eefng m\u1ee5c \u0111\u00edch c\u00e1 nh\u00e2n v\u1edbi c\u00e1c h\u1ea1n ch\u1ebf \u0111\u01b0\u1ee3c \u0111\u1eb7t ra trong c\u00e1c \u0111i\u1ec1u kho\u1ea3n v\u00e0 \u0111i\u1ec1u ki\u1ec7n n\u00e0y.<\/p>\n<p>Qu\u00fd kh\u00e1ch kh\u00f4ng \u0111\u01b0\u01a1\u0323c:<\/p>\n<ul>\n<li>T\u00e1i xu\u1ea5t b\u1ea3n t\u00e0i li\u1ec7u t\u1eeb Norfolk Mansion<\/li>\n<li>B\u00e1n, cho thu\u00ea ho\u1eb7c c\u1ea5p gi\u1ea5y ph\u00e9p gi\u00e1n ti\u1ebfp t\u1eeb Norfolk Mansion<\/li>\n<li>T\u00e1i s\u1ea3n xu\u1ea5t ho\u1eb7c sao ch\u00e9p t\u00e0i li\u1ec7u t\u1eeb Norfolk Mansion<\/li>\n<li>Ph\u00e2n ph\u1ed1i l\u1ea1i nh\u1eefng th\u00f4ng tin t\u1eeb Norfolk Mansion<\/li>\n<\/ul>\n<p>Th\u1ecfa thu\u1eadn n\u00e0y c\u00f3 hi\u1ec7u l\u1ef1c ngay l\u1eadp t\u1ee9c.<\/p>\n<p>C\u00e1c ph\u1ea7n c\u1ee7a trang web n\u00e0y cung c\u1ea5p c\u01a1 h\u1ed9i cho ng\u01b0\u1eddi d\u00f9ng \u0111\u1ec3 \u0111\u0103ng v\u00e0 trao \u0111\u1ed5i \u00fd ki\u1ebfn \u200b\u200bv\u00e0 th\u00f4ng tin trong c\u00e1c khu v\u1ef1c nh\u1ea5t \u0111\u1ecbnh c\u1ee7a trang web. Norfolk Mansion kh\u00f4ng l\u1ecdc, ch\u1ec9nh s\u1eeda, xu\u1ea5t b\u1ea3n ho\u1eb7c \u0111\u00e1nh gi\u00e1 Nh\u1eadn x\u00e9t tr\u01b0\u1edbc khi c\u00f3 m\u1eb7t tr\u00ean trang web. \u0110\u00e1nh gi\u00e1 c\u1ee7a kh\u00e1ch h\u00e0ng kh\u00f4ng ph\u1ea3n \u00e1nh quan \u0111i\u1ec3m v\u00e0 \u00fd ki\u1ebfn \u200b\u200bc\u1ee7a Norfolk Mansion, c\u00e1c \u0111\u1ea1i l\u00fd v\u00e0 \/ ho\u1eb7c c\u00e1c chi nh\u00e1nh. \u0110\u00e1nh gi\u00e1 c\u1ee7a kh\u00e1ch h\u00e0ng ph\u1ea3n \u00e1nh quan \u0111i\u1ec3m v\u00e0 \u00fd ki\u1ebfn \u200b\u200bc\u1ee7a ng\u01b0\u1eddi \u0111\u0103ng quan \u0111i\u1ec3m v\u00e0 \u00fd ki\u1ebfn ri\u00eang \u200b\u200bc\u1ee7a h\u1ecd.<\/p>\n<p>Qu\u00fd kh\u00e1ch \u0111\u1ed3ng \u00fd c\u1ea5p cho Norfolk Mansion quy\u1ec1n \u0111\u1ec3 s\u1eed d\u1ee5ng, t\u00e1i t\u1ea1o, ch\u1ec9nh s\u1eeda v\u00e0 \u1ee7y quy\u1ec1n cho ng\u01b0\u1eddi kh\u00e1c s\u1eed d\u1ee5ng, t\u00e1i t\u1ea1o v\u00e0 ch\u1ec9nh s\u1eeda b\u1ea5t k\u1ef3 nh\u1eadn x\u00e9t n\u00e0o c\u1ee7a b\u1ea1n d\u01b0\u1edbi m\u1ecdi h\u00ecnh th\u1ee9c, \u0111\u1ecbnh d\u1ea1ng v\u00e0 ph\u01b0\u01a1ng ti\u1ec7n.<\/p>\n<h3><strong>Li\u00ean k\u1ebft \u0111\u1ebfn n\u1ed9i dung c\u1ee7a ch\u00fang t\u00f4i<\/strong><\/h3>\n<p>C\u00e1c t\u1ed5 ch\u1ee9c sau \u0111\u00e2y c\u00f3 th\u1ec3 li\u00ean k\u1ebft \u0111\u1ebfn trang web c\u1ee7a Norfolk Mansion m\u00e0 kh\u00f4ng c\u1ea7n s\u1ef1 ch\u1ea5p thu\u1eadn tr\u01b0\u1edbc b\u1eb1ng v\u0103n b\u1ea3n:<\/p>\n<ul>\n<li>C\u00e1c c\u01a1 quan ch\u00ednh ph\u1ee7;<\/li>\n<li>C\u00f4ng c\u1ee5 t\u00ecm ki\u1ebfm;<\/li>\n<li>T\u1ed5 ch\u1ee9c tin t\u1ee9c;<\/li>\n<li>Nh\u00e0 ph\u00e2n ph\u1ed1i th\u00f4ng tin tr\u1ef1c tuy\u1ebfn c\u00f3 th\u1ec3 li\u00ean k\u1ebft \u0111\u1ebfn trang web c\u1ee7a Norfolk Mansion theo c\u00e1ch t\u01b0\u01a1ng t\u1ef1 h\u1ecd li\u00ean k\u1ebft \u0111\u1ebfn trang web c\u1ee7a c\u00e1c doanh nghi\u1ec7p \u0111\u01b0\u1ee3c li\u1ec7t k\u00ea; v\u00e0<\/li>\n<li>C\u00e1c doanh nghi\u1ec7p \u0111\u01b0\u1ee3c c\u00f4ng nh\u1eadn tr\u00ean to\u00e0n h\u1ec7 th\u1ed1ng t\u1eadp \u0111o\u00e0n, ngo\u1ea1i tr\u1eeb m\u1eddi c\u00e1c t\u1ed5 ch\u1ee9c phi l\u1ee3i nhu\u1eadn, trung t\u00e2m mua s\u1eafm t\u1eeb thi\u1ec7n v\u00e0 c\u00e1c nh\u00f3m g\u00e2y qu\u1ef9 t\u1eeb thi\u1ec7n c\u00f3 th\u1ec3 kh\u00f4ng li\u00ean k\u1ebft \u0111\u1ebfn trang web c\u1ee7a ch\u00fang t\u00f4i.<\/li>\n<\/ul>\n<p>C\u00e1c t\u1ed5 ch\u1ee9c n\u00e0y c\u00f3 th\u1ec3 li\u00ean k\u1ebft \u0111\u1ebfn trang ch\u1ee7 c\u1ee7a Norfolk Mansion, \u0111\u1ebfn c\u00e1c \u1ea5n ph\u1ea9m ho\u1eb7c th\u00f4ng tin trang web kh\u00e1c mi\u1ec5n l\u00e0 li\u00ean k\u1ebft \u0111\u00f3: (a) kh\u00f4ng ph\u1ea3i \u0111\u1ec3 l\u1eeba \u0111\u1ea3o d\u01b0\u1edbi b\u1ea5t k\u00ec h\u00ecnh th\u1ee9c n\u00e0o; (b) kh\u00f4ng ng\u1ee5 \u00fd t\u00e0i tr\u1ee3, ch\u1ee9ng th\u1ef1c ho\u1eb7c ph\u00ea duy\u1ec7t b\u00ean li\u00ean k\u1ebft v\u00e0 c\u00e1c s\u1ea3n ph\u1ea9m v\u00e0 \/ ho\u1eb7c d\u1ecbch v\u1ee5 c\u1ee7a b\u00ean li\u00ean k\u1ebft; v\u00e0 (c) ph\u00f9 h\u1ee3p v\u1edbi b\u1ed1i c\u1ea3nh c\u1ee7a trang web b\u00ean li\u00ean k\u1ebft.<\/p>\n<p>Norfolk Mansion c\u00f3 th\u1ec3 xem x\u00e9t v\u00e0 ph\u00ea duy\u1ec7t c\u00e1c y\u00eau c\u1ea7u li\u00ean k\u1ebft kh\u00e1c t\u1eeb c\u00e1c lo\u1ea1i t\u1ed5 ch\u1ee9c sau:<\/p>\n<ul>\n<li>ngu\u1ed3n th\u00f4ng tin ng\u01b0\u1eddi ti\u00eau d\u00f9ng v\u00e0 \/ ho\u1eb7c doanh nghi\u1ec7p th\u01b0\u1eddng \u0111\u01b0\u1ee3c bi\u1ebft \u0111\u1ebfn;<\/li>\n<li>c\u00e1c trang c\u1ed9ng \u0111\u1ed3ng dot.com;<\/li>\n<li>c\u00e1c hi\u1ec7p h\u1ed9i ho\u1eb7c c\u00e1c nh\u00f3m kh\u00e1c \u0111\u1ea1i di\u1ec7n cho c\u00e1c t\u1ed5 ch\u1ee9c t\u1eeb thi\u1ec7n;<\/li>\n<li>nh\u00e0 ph\u00e2n ph\u1ed1i th\u01b0 m\u1ee5c tr\u1ef1c tuy\u1ebfn;<\/li>\n<li>c\u1ed5ng internet;<\/li>\n<li>c\u00f4ng ty k\u1ebf to\u00e1n, lu\u1eadt v\u00e0 t\u01b0 v\u1ea5n; v\u00e0<\/li>\n<li>c\u00e1c t\u1ed5 ch\u1ee9c gi\u00e1o d\u1ee5c v\u00e0 hi\u1ec7p h\u1ed9i th\u01b0\u01a1ng m\u1ea1i.<\/li>\n<\/ul>\n<p>Ch\u00fang t\u00f4i s\u1ebd ph\u00ea duy\u1ec7t c\u00e1c y\u00eau c\u1ea7u li\u00ean k\u1ebft t\u1eeb c\u00e1c t\u1ed5 ch\u1ee9c n\u00e0y n\u1ebfu: (a) li\u00ean k\u1ebft s\u1ebd kh\u00f4ng khi\u1ebfn Norfolk Mansion tr\u00f4ng b\u1ea5t l\u1ee3i \u0111\u1ed1i v\u1edbi ch\u00ednh m\u00ecnh ho\u1eb7c \u0111\u1ed1i v\u1edbi c\u00e1c doanh nghi\u1ec7p \u0111\u1ed1i t\u00e1c (b) t\u1ed5 ch\u1ee9c kh\u00f4ng c\u00f3 b\u1ea5t k\u1ef3 h\u1ed3 s\u01a1 ti\u00eau c\u1ef1c n\u00e0o v\u1edbi Norfolk Mansion; (c) l\u1ee3i \u00edch t\u1eeb kh\u1ea3 n\u0103ng hi\u1ec3n th\u1ecb c\u1ee7a si\u00eau li\u00ean k\u1ebft b\u00f9 \u0111\u1eafp cho s\u1ef1 v\u1eafng m\u1eb7t c\u1ee7a Norfolk Mansion; v\u00e0 (d) li\u00ean k\u1ebft n\u1eb1m trong b\u1ed1i c\u1ea3nh ngu\u1ed3n th\u00f4ng tin chung.<\/p>\n<p>C\u00e1c t\u1ed5 ch\u1ee9c n\u00e0y c\u00f3 th\u1ec3 li\u00ean k\u1ebft \u0111\u1ebfn trang ch\u1ee7 c\u1ee7a ch\u00fang t\u00f4i mi\u1ec5n l\u00e0 li\u00ean k\u1ebft \u0111\u00f3: (a) kh\u00f4ng ph\u1ea3i \u0111\u1ec3 l\u1eeba \u0111\u1ea3o d\u01b0\u1edbi b\u1ea5t k\u00ec h\u00ecnh th\u1ee9c n\u00e0o; (b) kh\u00f4ng ng\u1ee5 \u00fd t\u00e0i tr\u1ee3, ch\u1ee9ng th\u1ef1c ho\u1eb7c ph\u00ea duy\u1ec7t b\u00ean li\u00ean k\u1ebft v\u00e0 c\u00e1c s\u1ea3n ph\u1ea9m ho\u1eb7c d\u1ecbch v\u1ee5 c\u1ee7a b\u00ean \u0111\u00f3; v\u00e0 (c) ph\u00f9 h\u1ee3p v\u1edbi b\u1ed1i c\u1ea3nh c\u1ee7a trang web b\u00ean li\u00ean k\u1ebft.<\/p>\n<h3><strong>iFrames<\/strong><\/h3>\n<p>N\u1ebfu kh\u00f4ng c\u00f3 s\u1ef1 ch\u1ea5p thu\u1eadn tr\u01b0\u1edbc v\u00e0 s\u1ef1 cho ph\u00e9p b\u1eb1ng v\u0103n b\u1ea3n, b\u1ea1n kh\u00f4ng th\u1ec3 t\u1ea1o c\u00e1c khung xung quanh (iFrame) tr\u00ean trang web c\u1ee7a ch\u00fang t\u00f4i v\u00e0 thay \u0111\u1ed5i tr\u00ecnh b\u00e0y tr\u1ef1c quan ho\u1eb7c s\u1ef1 xu\u1ea5t hi\u1ec7n c\u1ee7a trang web c\u1ee7a ch\u00fang t\u00f4i theo b\u1ea5t k\u1ef3 c\u00e1ch n\u00e0o.<\/p>\n<h3><strong>Tr\u00e1ch nhi\u1ec7m n\u1ed9i dung<\/strong><\/h3>\n<p>Ch\u00fang t\u00f4i s\u1ebd kh\u00f4ng ch\u1ecbu tr\u00e1ch nhi\u1ec7m cho b\u1ea5t k\u1ef3 n\u1ed9i dung n\u00e0o xu\u1ea5t hi\u1ec7n tr\u00ean trang web c\u1ee7a b\u1ea1n. B\u1ea1n \u0111\u1ed3ng \u00fd b\u1ea3o v\u1ec7 v\u00e0 b\u00e0o ch\u1eefa cho ch\u00fang t\u00f4i tr\u01b0\u1edbc m\u1ecdi khi\u1ebfu n\u1ea1i kh\u1edfi \u0111i\u1ec3m t\u1eeb trang web c\u1ee7a b\u1ea1n. Kh\u00f4ng c\u00f3 (c\u00e1c) li\u00ean k\u1ebft th\u00f4ng tin n\u00e0o \u0111\u01b0\u1ee3c xu\u1ea5t hi\u1ec7n tr\u00ean b\u1ea5t k\u1ef3 trang web c\u00f3 th\u1ec3 b\u1ecb xem l\u00e0 b\u00f4i nh\u1ecd, th\u00f4 t\u1ee5c ho\u1eb7c vi ph\u1ea1m ph\u00e1p lu\u1eadt, ho\u1eb7c x\u00e2m ph\u1ea1m v\u00e0 \u1ee7ng h\u1ed9 h\u00e0nh vi x\u00e2m ph\u1ea1m ho\u1eb7c c\u00e1c vi ph\u1ea1m kh\u00e1c \u0111\u1ebfn quy\u1ec1n l\u1ee3i c\u1ee7a b\u1ea5t k\u1ef3 b\u00ean th\u1ee9 ba n\u00e0o.<\/p>\n<h3><strong>Quy\u1ec1n ri\u00eang t\u01b0 c\u1ee7a b\u1ea1n<\/strong><\/h3>\n<p>Qu\u00fd Kh\u00e1ch vui l\u00f2ng \u0111\u1ecdc Ch\u00ednh s\u00e1ch B\u1ea3o M\u1eadt<\/p>\n<h3><strong>Quy\u1ec1n b\u1ea3o l\u01b0u<\/strong><\/h3>\n<p>Ch\u00fang t\u00f4i c\u00f3 quy\u1ec1n y\u00eau c\u1ea7u Kh\u00e1ch h\u00e0ng x\u00f3a t\u1ea5t c\u1ea3 c\u00e1c li\u00ean k\u1ebft ho\u1eb7c b\u1ea5t k\u1ef3 li\u00ean k\u1ebft c\u1ee5 th\u1ec3 n\u00e0o \u0111\u1ebfn trang web c\u1ee7a Norfolk Mansion. Kh\u00e1ch h\u00e0ng ch\u1ea5p nh\u1eadn x\u00f3a ngay l\u1eadp t\u1ee9c t\u1ea5t c\u1ea3 c\u00e1c li\u00ean k\u1ebft \u0111\u1ebfn trang web c\u1ee7a ch\u00fang t\u00f4i theo y\u00eau c\u1ea7u. Ch\u00fang t\u00f4i c\u0169ng c\u00f3 quy\u1ec1n s\u1eeda \u0111\u1ed5i c\u00e1c \u0111i\u1ec1u kho\u1ea3n v\u00e0 \u0111i\u1ec1u ki\u1ec7n n\u00e0y v\u00e0 ch\u00ednh s\u00e1ch li\u00ean k\u1ebft b\u1ea5t c\u1ee9 l\u00fac n\u00e0o. B\u1eb1ng c\u00e1ch li\u00ean t\u1ee5c li\u00ean k\u1ebft \u0111\u1ebfn trang web c\u1ee7a t\u1eadp \u0111o\u00e0n, Kh\u00e1ch h\u00e0ng \u0111\u1ed3ng \u00fd b\u1ecb r\u00e0ng bu\u1ed9c v\u00e0 tu\u00e2n theo c\u00e1c \u0111i\u1ec1u kho\u1ea3n v\u00e0 \u0111i\u1ec1u ki\u1ec7n li\u00ean k\u1ebft n\u00e0y<\/p>\n<h3><strong>Removal of links from our website<\/strong><\/h3>\n<p>N\u1ebfu Qu\u00fd Kh\u00e1ch t\u00ecm th\u1ea5y b\u1ea5t k\u1ef3 li\u00ean k\u1ebft n\u00e0o tr\u00ean trang web c\u1ee7a ch\u00fang t\u00f4i g\u00e2y ph\u1ea3n c\u1ea3m v\u00ec b\u1ea5t k\u1ef3 l\u00fd do g\u00ec, Qu\u00fd kh\u00e1ch c\u00f3 th\u1ec3 li\u00ean h\u1ec7 v\u00e0 th\u00f4ng b\u00e1o cho ch\u00fang t\u00f4i b\u1ea5t c\u1ee9 l\u00fac n\u00e0o. Ch\u00fang t\u00f4i s\u1ebd xem x\u00e9t c\u00e1c y\u00eau c\u1ea7u \u0111\u1ec3 x\u00f3a li\u00ean k\u1ebft nh\u01b0ng ch\u00fang t\u00f4i kh\u00f4ng b\u1eaft bu\u1ed9c ph\u1ea3i tr\u1ea3 l\u1eddi tr\u1ef1c ti\u1ebfp cho Qu\u00fd kh\u00e1ch.<\/p>\n<p>Ch\u00fang t\u00f4i kh\u00f4ng \u0111\u1ea3m b\u1ea3o r\u1eb1ng th\u00f4ng tin tr\u00ean trang web n\u00e0y l\u00e0 ch\u00ednh x\u00e1c, ch\u00fang t\u00f4i kh\u00f4ng ch\u1ee9ng minh cho t\u00ednh \u0111\u1ea7y \u0111\u1ee7 ho\u1eb7c \u0111\u1ed9 x\u00e1c th\u1ef1c c\u1ee7a th\u00f4ng tin; ch\u00fang t\u00f4i c\u0169ng kh\u00f4ng \u0111\u1ea3m b\u1ea3o r\u1eb1ng n\u1ed9i dung trang web s\u1ebd lu\u00f4n t\u1ed3n t\u1ea1i ho\u1eb7c t\u00e0i li\u1ec7u tr\u00ean trang web lu\u00f4n \u0111\u01b0\u1ee3c c\u1eadp nh\u1eadt.<\/p>\n<h3><strong>Mi\u1ec5n tr\u1eeb tr\u00e1ch nhi\u1ec7m<\/strong><\/h3>\n<p>Trong ph\u1ea1m vi t\u1ed1i \u0111a \u0111\u01b0\u1ee3c lu\u1eadt ph\u00e1p hi\u1ec7n h\u00e0nh cho ph\u00e9p, ch\u00fang t\u00f4i lo\u1ea1i tr\u1eeb t\u1ea5t c\u1ea3 c\u00e1c h\u00ecnh th\u1ee9c \u0111\u1ea1i di\u1ec7n, \u0111\u1ea3m b\u1ea3o v\u00e0 \u0111i\u1ec1u ki\u1ec7n li\u00ean quan \u0111\u1ebfn trang web c\u1ee7a ch\u00fang t\u00f4i v\u00e0 vi\u1ec7c s\u1eed d\u1ee5ng trang web n\u00e0y. Kh\u00f4ng c\u00f3 g\u00ec trong th\u00f4ng b\u00e1o mi\u1ec5n tr\u1eeb tr\u00e1ch nhi\u1ec7m n\u00e0y s\u1ebd:<\/p>\n<ul>\n<li>gi\u1edbi h\u1ea1n ho\u1eb7c lo\u1ea1i tr\u1eeb tr\u00e1ch nhi\u1ec7m c\u1ee7a ch\u00fang t\u00f4i ho\u1eb7c c\u1ee7a ng\u01b0\u1eddi d\u00f9ng trong tr\u01b0\u1eddng h\u1ee3p x\u1ea3y ra t\u1eed vong ho\u1eb7c th\u01b0\u01a1ng t\u00edch c\u00e1 nh\u00e2n;<\/li>\n<li>gi\u1edbi h\u1ea1n ho\u1eb7c lo\u1ea1i tr\u1eeb tr\u00e1ch nhi\u1ec7m ph\u00e1p l\u00fd c\u1ee7a ch\u00fang t\u00f4i ho\u1eb7c c\u1ee7a ng\u01b0\u1eddi d\u00f9ng \u0111\u1ed1i v\u1edbi gian l\u1eadn ho\u1eb7c xuy\u00ean t\u1ea1c gi\u1ea3 d\u1ed1i;<\/li>\n<li>gi\u1edbi h\u1ea1n b\u1ea5t k\u1ef3 tr\u00e1ch nhi\u1ec7m ph\u00e1p l\u00fd n\u00e0o c\u1ee7a ch\u00fang t\u00f4i ho\u1eb7c c\u1ee7a ng\u01b0\u1eddi d\u00f9ng khi kh\u00f4ng \u0111\u01b0\u1ee3c ph\u00e9p theo lu\u1eadt ph\u00e1p hi\u1ec7n h\u00e0nh; ho\u1eb7c<\/li>\n<li>lo\u1ea1i tr\u1eeb b\u1ea5t k\u1ef3 tr\u00e1ch nhi\u1ec7m ph\u00e1p l\u00fd n\u00e0o c\u1ee7a ch\u00fang t\u00f4i ho\u1eb7c c\u1ee7a ng\u01b0\u1eddi d\u00f9ng m\u00e0 c\u00f3 th\u1ec3 kh\u00f4ng \u0111\u01b0\u1ee3c lo\u1ea1i tr\u1eeb theo lu\u1eadt ph\u00e1p hi\u1ec7n h\u00e0nh.<\/li>\n<\/ul>\n<p>C\u00e1c h\u1ea1n ch\u1ebf v\u00e0 mi\u1ec5n tr\u1eeb tr\u00e1ch nhi\u1ec7m \u0111\u01b0\u1ee3c quy \u0111\u1ecbnh trong c\u00e1c ph\u1ea7n: (a) ph\u1ea3i tu\u00e2n theo \u0111i\u1ec1u kho\u1ea3n \u0111\u01b0\u1ee3c \u0111\u1ec1 c\u1eadp tr\u01b0\u1edbc; v\u00e0 (b) chi ph\u1ed1i t\u1ea5t c\u1ea3 c\u00e1c tr\u00e1ch nhi\u1ec7m ph\u00e1t sinh theo \u0111i\u1ec1u kho\u1ea3n mi\u1ec5n tr\u1eeb tr\u00e1ch nhi\u1ec7m n\u00e0y, bao g\u1ed3m c\u00e1c tr\u00e1ch nhi\u1ec7m ph\u00e1t sinh trong h\u1ee3p \u0111\u1ed3ng, trong v\u1ecb ph\u1ea1m d\u00e2n s\u1ef1 v\u00e0 vi ph\u1ea1m ngh\u0129a v\u1ee5 theo lu\u1eadt \u0111\u1ecbnh.<\/p>\n<p>Mi\u1ec5n l\u00e0 trang web, th\u00f4ng tin v\u00e0 d\u1ecbch v\u1ee5 tr\u00ean trang web n\u00e0y \u0111\u01b0\u1ee3c cung c\u1ea5p mi\u1ec5n ph\u00ed, ch\u00fang t\u00f4i s\u1ebd kh\u00f4ng ch\u1ecbu tr\u00e1ch nhi\u1ec7m cho b\u1ea5t k\u1ef3 t\u1ed5n th\u1ea5t ho\u1eb7c thi\u1ec7t h\u1ea1i n\u00e0o.<\/p>\n","protected":false},"excerpt":{"rendered":"<p>Ch\u00e0o m\u1eebng \u0111\u1ebfn Norfolk Mansion! C\u00e1c \u0111i\u1ec1u kho\u1ea3n v\u00e0 \u0111i\u1ec1u ki\u1ec7n d\u01b0\u1edbi \u0111\u00e2y ph\u00e1c th\u1ea3o c\u00e1c quy t\u1eafc v\u00e0 quy \u0111\u1ecbnh cho vi\u1ec7c s\u1eed d\u1ee5ng&#8230;<\/p>\n","protected":false},"author":7,"featured_media":0,"parent":0,"menu_order":76,"comment_status":"closed","ping_status":"closed","template":"","meta":{"footnotes":""},"class_list":["post-1876","page","type-page","status-publish","hentry"],"yoast_head":"<!-- This site is optimized with the Yoast SEO plugin v25.8 - https:\/\/yoast.com\/wordpress\/plugins\/seo\/ -->\n<title>\u0110i\u1ec1u Kho\u1ea3n &amp; \u0110i\u1ec1u Ki\u1ec7n - Norfolk Mansion<\/title>\n<meta name=\"robots\" content=\"index, follow, max-snippet:-1, max-image-preview:large, max-video-preview:-1\" \/>\n<link rel=\"canonical\" href=\"https:\/\/norfolkmansion.com\/vi\/terms-conditions\/\" \/>\n<meta property=\"og:locale\" content=\"vi_VN\" \/>\n<meta property=\"og:type\" content=\"article\" \/>\n<meta property=\"og:title\" content=\"\u0110i\u1ec1u Kho\u1ea3n &amp; \u0110i\u1ec1u Ki\u1ec7n - Norfolk Mansion\" \/>\n<meta property=\"og:description\" content=\"Ch\u00e0o m\u1eebng \u0111\u1ebfn Norfolk Mansion! C\u00e1c \u0111i\u1ec1u kho\u1ea3n v\u00e0 \u0111i\u1ec1u ki\u1ec7n d\u01b0\u1edbi \u0111\u00e2y ph\u00e1c th\u1ea3o c\u00e1c quy t\u1eafc v\u00e0 quy \u0111\u1ecbnh cho vi\u1ec7c s\u1eed d\u1ee5ng...\" \/>\n<meta property=\"og:url\" content=\"https:\/\/norfolkmansion.com\/vi\/terms-conditions\/\" \/>\n<meta property=\"og:site_name\" content=\"Norfolk Mansion\" \/>\n<meta property=\"article:publisher\" content=\"https:\/\/www.facebook.com\/norfolkmansionsaigon\/\" \/>\n<meta property=\"article:modified_time\" content=\"2020-06-02T03:51:19+00:00\" \/>\n<meta property=\"og:image\" content=\"https:\/\/norfolkmansion.com\/wp-content\/uploads\/2019\/11\/Mansion-Exterior.jpg\" \/>\n\t<meta property=\"og:image:width\" content=\"800\" \/>\n\t<meta property=\"og:image:height\" content=\"575\" \/>\n\t<meta property=\"og:image:type\" content=\"image\/jpeg\" \/>\n<meta name=\"twitter:label1\" content=\"Est. reading time\" \/>\n\t<meta name=\"twitter:data1\" content=\"14 minutes\" \/>\n<!-- \/ Yoast SEO plugin. -->","yoast_head_json":{"title":"\u0110i\u1ec1u Kho\u1ea3n & \u0110i\u1ec1u Ki\u1ec7n - Norfolk Mansion","robots":{"index":"index","follow":"follow","max-snippet":"max-snippet:-1","max-image-preview":"max-image-preview:large","max-video-preview":"max-video-preview:-1"},"canonical":"https:\/\/norfolkmansion.com\/vi\/terms-conditions\/","og_locale":"vi_VN","og_type":"article","og_title":"\u0110i\u1ec1u Kho\u1ea3n & \u0110i\u1ec1u Ki\u1ec7n - Norfolk Mansion","og_description":"Ch\u00e0o m\u1eebng \u0111\u1ebfn Norfolk Mansion! C\u00e1c \u0111i\u1ec1u kho\u1ea3n v\u00e0 \u0111i\u1ec1u ki\u1ec7n d\u01b0\u1edbi \u0111\u00e2y ph\u00e1c th\u1ea3o c\u00e1c quy t\u1eafc v\u00e0 quy \u0111\u1ecbnh cho vi\u1ec7c s\u1eed d\u1ee5ng...","og_url":"https:\/\/norfolkmansion.com\/vi\/terms-conditions\/","og_site_name":"Norfolk Mansion","article_publisher":"https:\/\/www.facebook.com\/norfolkmansionsaigon\/","article_modified_time":"2020-06-02T03:51:19+00:00","og_image":[{"width":800,"height":575,"url":"https:\/\/norfolkmansion.com\/wp-content\/uploads\/2019\/11\/Mansion-Exterior.jpg","type":"image\/jpeg"}],"twitter_misc":{"Est. reading time":"14 minutes"},"schema":{"@context":"https:\/\/schema.org","@graph":[{"@type":"WebPage","@id":"https:\/\/norfolkmansion.com\/vi\/terms-conditions\/","url":"https:\/\/norfolkmansion.com\/vi\/terms-conditions\/","name":"\u0110i\u1ec1u Kho\u1ea3n & \u0110i\u1ec1u Ki\u1ec7n - Norfolk Mansion","isPartOf":{"@id":"https:\/\/norfolkmansion.com\/ko\/#website"},"datePublished":"2019-12-04T10:21:47+00:00","dateModified":"2020-06-02T03:51:19+00:00","breadcrumb":{"@id":"https:\/\/norfolkmansion.com\/vi\/terms-conditions\/#breadcrumb"},"inLanguage":"vi-VN","potentialAction":[{"@type":"ReadAction","target":["https:\/\/norfolkmansion.com\/vi\/terms-conditions\/"]}]},{"@type":"BreadcrumbList","@id":"https:\/\/norfolkmansion.com\/vi\/terms-conditions\/#breadcrumb","itemListElement":[{"@type":"ListItem","position":1,"name":"Home","item":"https:\/\/norfolkmansion.com\/vi\/"},{"@type":"ListItem","position":2,"name":"\u0110i\u1ec1u Kho\u1ea3n &#038; \u0110i\u1ec1u Ki\u1ec7n"}]},{"@type":"WebSite","@id":"https:\/\/norfolkmansion.com\/ko\/#website","url":"https:\/\/norfolkmansion.com\/ko\/","name":"Norfolk Mansion","description":"The Ultimate City Living Experience in Saigon","publisher":{"@id":"https:\/\/norfolkmansion.com\/ko\/#organization"},"potentialAction":[{"@type":"SearchAction","target":{"@type":"EntryPoint","urlTemplate":"https:\/\/norfolkmansion.com\/ko\/?s={search_term_string}"},"query-input":{"@type":"PropertyValueSpecification","valueRequired":true,"valueName":"search_term_string"}}],"inLanguage":"vi-VN"},{"@type":"Organization","@id":"https:\/\/norfolkmansion.com\/ko\/#organization","name":"Norfolk Mansion - Luxury Apartments in Saigon, Vietnam","url":"https:\/\/norfolkmansion.com\/ko\/","logo":{"@type":"ImageObject","inLanguage":"vi-VN","@id":"https:\/\/norfolkmansion.com\/ko\/#\/schema\/logo\/image\/","url":"https:\/\/norfolkmansion.com\/wp-content\/uploads\/2019\/11\/Mansion-Exterior.jpg","contentUrl":"https:\/\/norfolkmansion.com\/wp-content\/uploads\/2019\/11\/Mansion-Exterior.jpg","width":800,"height":575,"caption":"Norfolk Mansion - Luxury Apartments in Saigon, Vietnam"},"image":{"@id":"https:\/\/norfolkmansion.com\/ko\/#\/schema\/logo\/image\/"},"sameAs":["https:\/\/www.facebook.com\/norfolkmansionsaigon\/","https:\/\/www.instagram.com\/norfolkmansion.saigon\/","https:\/\/www.linkedin.com\/company\/norfolkgroup"]}]}},"_links":{"self":[{"href":"https:\/\/norfolkmansion.com\/vi\/wp-json\/wp\/v2\/pages\/1876","targetHints":{"allow":["GET"]}}],"collection":[{"href":"https:\/\/norfolkmansion.com\/vi\/wp-json\/wp\/v2\/pages"}],"about":[{"href":"https:\/\/norfolkmansion.com\/vi\/wp-json\/wp\/v2\/types\/page"}],"author":[{"embeddable":true,"href":"https:\/\/norfolkmansion.com\/vi\/wp-json\/wp\/v2\/users\/7"}],"replies":[{"embeddable":true,"href":"https:\/\/norfolkmansion.com\/vi\/wp-json\/wp\/v2\/comments?post=1876"}],"version-history":[{"count":0,"href":"https:\/\/norfolkmansion.com\/vi\/wp-json\/wp\/v2\/pages\/1876\/revisions"}],"wp:attachment":[{"href":"https:\/\/norfolkmansion.com\/vi\/wp-json\/wp\/v2\/media?parent=1876"}],"curies":[{"name":"wp","href":"https:\/\/api.w.org\/{rel}","templated":true}]}}