{"id":1164,"date":"2019-10-30T17:25:35","date_gmt":"2019-10-30T11:55:35","guid":{"rendered":"https:\/\/norfolkmansion.com\/lien-he-voi-chung-toi\/"},"modified":"2025-09-12T19:22:32","modified_gmt":"2025-09-12T13:52:32","slug":"lien-he-voi-chung-toi","status":"publish","type":"page","link":"https:\/\/norfolkmansion.com\/vi\/lien-he-voi-chung-toi\/","title":{"rendered":"Li\u00ean h\u1ec7 v\u1edbi ch\u00fang t\u00f4i"},"content":{"rendered":"\t\t<div data-elementor-type=\"wp-page\" data-elementor-id=\"1164\" class=\"elementor elementor-1164 elementor-421\" data-elementor-settings=\"[]\">\n\t\t\t\t\t\t<div class=\"elementor-inner\">\n\t\t\t\t\t\t\t<div class=\"elementor-section-wrap\">\n\t\t\t\t\t\t\t<section class=\"elementor-section elementor-top-section elementor-element elementor-element-b03d90e elementor-section-stretched elementor-section-full_width elementor-hidden-desktop elementor-hidden-tablet elementor-section-height-default elementor-section-height-default\" data-id=\"b03d90e\" data-element_type=\"section\" data-settings=\"{&quot;stretch_section&quot;:&quot;section-stretched&quot;}\">\n\t\t\t\t\t\t<div class=\"elementor-container elementor-column-gap-no\">\n\t\t\t\t\t\t\t<div class=\"elementor-row\">\n\t\t\t\t\t<div class=\"elementor-column elementor-col-100 elementor-top-column elementor-element elementor-element-6b81ae6\" data-id=\"6b81ae6\" data-element_type=\"column\">\n\t\t\t<div class=\"elementor-column-wrap elementor-element-populated\">\n\t\t\t\t\t\t\t<div class=\"elementor-widget-wrap\">\n\t\t\t\t\t\t<div class=\"elementor-element elementor-element-3b273d9e elementor-widget elementor-widget-image\" data-id=\"3b273d9e\" data-element_type=\"widget\" data-widget_type=\"image.default\">\n\t\t\t\t<div class=\"elementor-widget-container\">\n\t\t\t\t\t<div class=\"elementor-image\">\n\t\t\t\t\t\t\t\t\t\t<img loading=\"lazy\" decoding=\"async\" width=\"748\" height=\"470\" src=\"https:\/\/norfolkmansion.com\/wp-content\/uploads\/2019\/10\/img-8144@2x.jpg\" class=\"attachment-large size-large\" alt=\"\" srcset=\"https:\/\/norfolkmansion.com\/wp-content\/uploads\/2019\/10\/img-8144@2x.jpg 748w, https:\/\/norfolkmansion.com\/wp-content\/uploads\/2019\/10\/img-8144@2x-300x189.jpg 300w\" sizes=\"auto, (max-width: 748px) 100vw, 748px\" \/>\t\t\t\t\t\t\t\t\t\t\t<\/div>\n\t\t\t\t<\/div>\n\t\t\t\t<\/div>\n\t\t\t\t\t\t<\/div>\n\t\t\t\t\t<\/div>\n\t\t<\/div>\n\t\t\t\t\t\t\t\t<\/div>\n\t\t\t\t\t<\/div>\n\t\t<\/section>\n\t\t\t\t<section class=\"elementor-section elementor-top-section elementor-element elementor-element-16dc1f08 elementor-section-boxed elementor-section-height-default elementor-section-height-default\" data-id=\"16dc1f08\" data-element_type=\"section\">\n\t\t\t\t\t\t<div class=\"elementor-container elementor-column-gap-default\">\n\t\t\t\t\t\t\t<div class=\"elementor-row\">\n\t\t\t\t\t<div class=\"elementor-column elementor-col-100 elementor-top-column elementor-element elementor-element-65d50e46\" data-id=\"65d50e46\" data-element_type=\"column\">\n\t\t\t<div class=\"elementor-column-wrap\">\n\t\t\t\t\t\t\t<div class=\"elementor-widget-wrap\">\n\t\t\t\t\t\t\t\t<\/div>\n\t\t\t\t\t<\/div>\n\t\t<\/div>\n\t\t\t\t\t\t\t\t<\/div>\n\t\t\t\t\t<\/div>\n\t\t<\/section>\n\t\t\t\t<section class=\"elementor-section elementor-top-section elementor-element elementor-element-a94f36f elementor-section-full_width contact-page-wrapper elementor-section-height-default elementor-section-height-default\" data-id=\"a94f36f\" data-element_type=\"section\">\n\t\t\t\t\t\t<div class=\"elementor-container elementor-column-gap-default\">\n\t\t\t\t\t\t\t<div class=\"elementor-row\">\n\t\t\t\t\t<div class=\"elementor-column elementor-col-50 elementor-top-column elementor-element elementor-element-1aecabb1\" data-id=\"1aecabb1\" data-element_type=\"column\">\n\t\t\t<div class=\"elementor-column-wrap elementor-element-populated\">\n\t\t\t\t\t\t\t<div class=\"elementor-widget-wrap\">\n\t\t\t\t\t\t<div class=\"elementor-element elementor-element-26ccd984 elementor-widget elementor-widget-heading\" data-id=\"26ccd984\" data-element_type=\"widget\" data-widget_type=\"heading.default\">\n\t\t\t\t<div class=\"elementor-widget-container\">\n\t\t\t<h2 class=\"elementor-heading-title elementor-size-default\">\u0110\u1ec3 l\u1ea1i tin nh\u1eafn <\/h2>\t\t<\/div>\n\t\t\t\t<\/div>\n\t\t\t\t<div class=\"elementor-element elementor-element-28f8825b elementor-widget elementor-widget-text-editor\" data-id=\"28f8825b\" data-element_type=\"widget\" data-widget_type=\"text-editor.default\">\n\t\t\t\t<div class=\"elementor-widget-container\">\n\t\t\t\t\t<div class=\"elementor-text-editor elementor-clearfix\"><p>\u0110\u1ec3 t\u00ecm hi\u1ec3u th\u00eam v\u1ec1 d\u1ecbch v\u1ee5, x\u00e1c nh\u1eadn \u0111\u1eb7t ph\u00f2ng hay c\u1ea7n gi\u1ea3i \u0111\u00e1p th\u1eafc m\u1eafc v\u1ec1 d\u1ecbch v\u1ee5, h\u00e3y li\u00ean h\u1ec7 v\u1edbi ch\u00fang t\u00f4i tr\u1ef1c ti\u1ebfp qua \u0111i\u1ec7n tho\u1ea1i ho\u1eb7c g\u1eedi th\u00f4ng tin qua m\u1eabu b\u00ean d\u01b0\u1edbi. Ch\u00fang t\u00f4i s\u1ebd nhanh ch\u00f3ng ph\u1ea3n h\u1ed3i qu\u00fd kh\u00e1ch trong v\u00f2ng 24h.<\/p>\n<\/div>\n\t\t\t\t<\/div>\n\t\t\t\t<\/div>\n\t\t\t\t<div class=\"elementor-element elementor-element-5a14361 elementor-widget elementor-widget-shortcode\" data-id=\"5a14361\" data-element_type=\"widget\" data-widget_type=\"shortcode.default\">\n\t\t\t\t<div class=\"elementor-widget-container\">\n\t\t\t\t\t<div class=\"elementor-shortcode\">\n<div class=\"wpcf7 no-js\" id=\"wpcf7-f1888-o1\" lang=\"en-US\" dir=\"ltr\" data-wpcf7-id=\"1888\">\n<div class=\"screen-reader-response\"><p role=\"status\" aria-live=\"polite\" aria-atomic=\"true\"><\/p> <ul><\/ul><\/div>\n<form action=\"\/vi\/wp-json\/wp\/v2\/pages\/1164#wpcf7-f1888-o1\" method=\"post\" class=\"wpcf7-form init\" aria-label=\"Contact form\" novalidate=\"novalidate\" data-status=\"init\">\n<fieldset class=\"hidden-fields-container\"><input type=\"hidden\" name=\"_wpcf7\" value=\"1888\" \/><input type=\"hidden\" name=\"_wpcf7_version\" value=\"6.1.1\" \/><input type=\"hidden\" name=\"_wpcf7_locale\" value=\"en_US\" \/><input type=\"hidden\" name=\"_wpcf7_unit_tag\" value=\"wpcf7-f1888-o1\" \/><input type=\"hidden\" name=\"_wpcf7_container_post\" value=\"0\" \/><input type=\"hidden\" name=\"_wpcf7_posted_data_hash\" value=\"\" \/><input type=\"hidden\" name=\"_wpcf7_recaptcha_response\" value=\"\" \/>\n<\/fieldset>\n<div class=\"row\">\n\t<div class=\"col-sm-6\">\n\t\t<p><label> T\u00ean *<br \/>\n<span class=\"wpcf7-form-control-wrap\" data-name=\"your-name\"><input size=\"40\" maxlength=\"400\" class=\"wpcf7-form-control wpcf7-text wpcf7-validates-as-required form-control\" aria-required=\"true\" aria-invalid=\"false\" value=\"\" type=\"text\" name=\"your-name\" \/><\/span> <\/label>\n\t\t<\/p>\n\t<\/div>\n\t<div class=\"col-sm-6\">\n\t\t<p><label> H\u1ecd *<br \/>\n<span class=\"wpcf7-form-control-wrap\" data-name=\"lastname\"><input size=\"40\" maxlength=\"400\" class=\"wpcf7-form-control wpcf7-text wpcf7-validates-as-required form-control\" aria-required=\"true\" aria-invalid=\"false\" value=\"\" type=\"text\" name=\"lastname\" \/><\/span> <\/label>\n\t\t<\/p>\n\t<\/div>\n\t<div class=\"col-sm-6\">\n\t\t<p><label> \u0110\u1ecba ch\u1ec9 Email *<br \/>\n<span class=\"wpcf7-form-control-wrap\" data-name=\"email\"><input size=\"40\" maxlength=\"400\" class=\"wpcf7-form-control wpcf7-email wpcf7-validates-as-required wpcf7-text wpcf7-validates-as-email form-control\" aria-required=\"true\" aria-invalid=\"false\" value=\"\" type=\"email\" name=\"email\" \/><\/span> <\/label>\n\t\t<\/p>\n\t<\/div>\n\t<div class=\"col-sm-6\">\n\t\t<p><label> S\u0110T *<br \/>\n<span class=\"wpcf7-form-control-wrap\" data-name=\"phonetext-666\"><input size=\"40\" class=\"wpcf7-form-control wpcf7-phonetext wpcf7-validates-as-required wpcf7-text wpcf7-validates-as-phonetext form-control\" aria-required=\"true\" aria-invalid=\"false\" value=\"\" type=\"text\" name=\"phonetext-666\" \/><input type=\"hidden\" name=\"phonetext-666-country-code\" class=\"wpcf7-phonetext-country-code\" \/><\/span><\/label>\n\t\t<\/p>\n\t<\/div>\n\t<div class=\"col-sm-12\">\n\t\t<p><label> Y\u00eau c\u1ea7u chi ti\u1ebft * <\/label><br \/>\n<span class=\"wpcf7-form-control-wrap\" data-name=\"query\"><textarea cols=\"40\" rows=\"10\" maxlength=\"2000\" class=\"wpcf7-form-control wpcf7-textarea wpcf7-validates-as-required form-control\" aria-required=\"true\" aria-invalid=\"false\" name=\"query\"><\/textarea><\/span>\n\t\t<\/p>\n\t<\/div>\n\t<div class=\"col-sm-12 mt-3\">\n\t\t<p><input class=\"wpcf7-form-control wpcf7-submit has-spinner button btn-fill\" type=\"submit\" value=\"G\u1eedi ngay\" \/>\n\t\t<\/p>\n\t<\/div>\n<\/div><div class=\"wpcf7-response-output\" aria-hidden=\"true\"><\/div>\n<\/form>\n<\/div>\n<\/div>\n\t\t\t\t<\/div>\n\t\t\t\t<\/div>\n\t\t\t\t\t\t<\/div>\n\t\t\t\t\t<\/div>\n\t\t<\/div>\n\t\t\t\t<div class=\"elementor-column elementor-col-50 elementor-top-column elementor-element elementor-element-5974623e elementor-hidden-phone\" data-id=\"5974623e\" data-element_type=\"column\">\n\t\t\t<div class=\"elementor-column-wrap elementor-element-populated\">\n\t\t\t\t\t\t\t<div class=\"elementor-widget-wrap\">\n\t\t\t\t\t\t<div class=\"elementor-element elementor-element-28b8fbd9 elementor-widget elementor-widget-image\" data-id=\"28b8fbd9\" data-element_type=\"widget\" data-widget_type=\"image.default\">\n\t\t\t\t<div class=\"elementor-widget-container\">\n\t\t\t\t\t<div class=\"elementor-image\">\n\t\t\t\t\t\t\t\t\t\t<img loading=\"lazy\" decoding=\"async\" width=\"571\" height=\"618\" src=\"https:\/\/norfolkmansion.com\/wp-content\/uploads\/2019\/11\/Norfolk-mansion-building.jpg\" class=\"attachment-large size-large\" alt=\"Norfolk Mansion\" srcset=\"https:\/\/norfolkmansion.com\/wp-content\/uploads\/2019\/11\/Norfolk-mansion-building.jpg 571w, https:\/\/norfolkmansion.com\/wp-content\/uploads\/2019\/11\/Norfolk-mansion-building-277x300.jpg 277w\" sizes=\"auto, (max-width: 571px) 100vw, 571px\" \/>\t\t\t\t\t\t\t\t\t\t\t<\/div>\n\t\t\t\t<\/div>\n\t\t\t\t<\/div>\n\t\t\t\t\t\t<\/div>\n\t\t\t\t\t<\/div>\n\t\t<\/div>\n\t\t\t\t\t\t\t\t<\/div>\n\t\t\t\t\t<\/div>\n\t\t<\/section>\n\t\t\t\t<section class=\"elementor-section elementor-top-section elementor-element elementor-element-69f7867 elementor-section-stretched elementor-section-full_width elementor-hidden-desktop elementor-hidden-tablet elementor-section-height-default elementor-section-height-default\" data-id=\"69f7867\" data-element_type=\"section\" data-settings=\"{&quot;stretch_section&quot;:&quot;section-stretched&quot;}\">\n\t\t\t\t\t\t<div class=\"elementor-container elementor-column-gap-no\">\n\t\t\t\t\t\t\t<div class=\"elementor-row\">\n\t\t\t\t\t<div class=\"elementor-column elementor-col-100 elementor-top-column elementor-element elementor-element-76b6d64f\" data-id=\"76b6d64f\" data-element_type=\"column\">\n\t\t\t<div class=\"elementor-column-wrap elementor-element-populated\">\n\t\t\t\t\t\t\t<div class=\"elementor-widget-wrap\">\n\t\t\t\t\t\t<section class=\"elementor-section elementor-inner-section elementor-element elementor-element-30de1179 elementor-section-boxed elementor-section-height-default elementor-section-height-default\" data-id=\"30de1179\" data-element_type=\"section\">\n\t\t\t\t\t\t<div class=\"elementor-container elementor-column-gap-default\">\n\t\t\t\t\t\t\t<div class=\"elementor-row\">\n\t\t\t\t\t<div class=\"elementor-column elementor-col-100 elementor-inner-column elementor-element elementor-element-68f09177\" data-id=\"68f09177\" data-element_type=\"column\">\n\t\t\t<div class=\"elementor-column-wrap\">\n\t\t\t\t\t\t\t<div class=\"elementor-widget-wrap\">\n\t\t\t\t\t\t\t\t<\/div>\n\t\t\t\t\t<\/div>\n\t\t<\/div>\n\t\t\t\t\t\t\t\t<\/div>\n\t\t\t\t\t<\/div>\n\t\t<\/section>\n\t\t\t\t\t\t<\/div>\n\t\t\t\t\t<\/div>\n\t\t<\/div>\n\t\t\t\t\t\t\t\t<\/div>\n\t\t\t\t\t<\/div>\n\t\t<\/section>\n\t\t\t\t<section class=\"elementor-section elementor-top-section elementor-element elementor-element-429bade5 elementor-hidden-desktop elementor-hidden-tablet elementor-section-stretched elementor-section-full_width elementor-section-height-default elementor-section-height-default\" data-id=\"429bade5\" data-element_type=\"section\" data-settings=\"{&quot;stretch_section&quot;:&quot;section-stretched&quot;}\">\n\t\t\t\t\t\t<div class=\"elementor-container elementor-column-gap-no\">\n\t\t\t\t\t\t\t<div class=\"elementor-row\">\n\t\t\t\t\t<div class=\"elementor-column elementor-col-100 elementor-top-column elementor-element elementor-element-6b1f4178\" data-id=\"6b1f4178\" data-element_type=\"column\" data-settings=\"{&quot;background_background&quot;:&quot;classic&quot;}\">\n\t\t\t<div class=\"elementor-column-wrap elementor-element-populated\">\n\t\t\t\t\t\t\t<div class=\"elementor-widget-wrap\">\n\t\t\t\t\t\t<div class=\"elementor-element elementor-element-44aa922c elementor-widget elementor-widget-heading\" data-id=\"44aa922c\" data-element_type=\"widget\" data-widget_type=\"heading.default\">\n\t\t\t\t<div class=\"elementor-widget-container\">\n\t\t\t<h2 class=\"elementor-heading-title elementor-size-default\">Li\u00ean h\u1ec7 v\u1edbi ch\u00fang t\u00f4i<\/h2>\t\t<\/div>\n\t\t\t\t<\/div>\n\t\t\t\t<div class=\"elementor-element elementor-element-2c45e303 elementor-align-center aboutus-m-mob elementor-widget elementor-widget-button\" data-id=\"2c45e303\" data-element_type=\"widget\" data-widget_type=\"button.default\">\n\t\t\t\t<div class=\"elementor-widget-container\">\n\t\t\t\t\t<div class=\"elementor-button-wrapper\">\n\t\t\t<a href=\"tel:(+84)%20028%2038295368\" class=\"elementor-button-link elementor-button elementor-size-sm\" role=\"button\">\n\t\t\t\t\t\t<span class=\"elementor-button-content-wrapper\">\n\t\t\t\t\t\t<span class=\"elementor-button-text\">(+84-28) 3822 6111<\/span>\n\t\t<\/span>\n\t\t\t\t\t<\/a>\n\t\t<\/div>\n\t\t\t\t<\/div>\n\t\t\t\t<\/div>\n\t\t\t\t<div class=\"elementor-element elementor-element-5a8af1a7 address elementor-widget elementor-widget-text-editor\" data-id=\"5a8af1a7\" data-element_type=\"widget\" data-widget_type=\"text-editor.default\">\n\t\t\t\t<div class=\"elementor-widget-container\">\n\t\t\t\t\t<div class=\"elementor-text-editor elementor-clearfix\"><p>17-19-21 L\u00fd T\u1ef1 Tr\u1ecdng, Ph\u01b0\u1eddng S\u00e0i G\u00f2n, TP. H\u1ed3 Ch\u00ed Minh, Vi\u1ec7t Nam<\/p>\n<\/div>\n\t\t\t\t<\/div>\n\t\t\t\t<\/div>\n\t\t\t\t<div class=\"elementor-element elementor-element-57ef4c48 view-map-m elementor-widget elementor-widget-text-editor\" data-id=\"57ef4c48\" data-element_type=\"widget\" data-widget_type=\"text-editor.default\">\n\t\t\t\t<div class=\"elementor-widget-container\">\n\t\t\t\t\t<div class=\"elementor-text-editor elementor-clearfix\"><p><img loading=\"lazy\" decoding=\"async\" class=\"size-full wp-image-775 alignnone\" src=\"https:\/\/norfolk.shirish.productions\/wp-content\/uploads\/2019\/09\/vector-smart-object@2x-1.png\" alt=\"\" width=\"18\" height=\"32\"><a href=\"https:\/\/goo.gl\/maps\/zFbUpgbgXhg4b7bo7\"><span style=\"color: #ffffff;\">Xem b\u1ea3n \u0111\u1ed3<\/span><\/a><\/p>\n<\/div>\n\t\t\t\t<\/div>\n\t\t\t\t<\/div>\n\t\t\t\t\t\t<\/div>\n\t\t\t\t\t<\/div>\n\t\t<\/div>\n\t\t\t\t\t\t\t\t<\/div>\n\t\t\t\t\t<\/div>\n\t\t<\/section>\n\t\t\t\t<section class=\"elementor-section elementor-top-section elementor-element elementor-element-6cc483ec elementor-section-boxed elementor-section-height-default elementor-section-height-default\" data-id=\"6cc483ec\" data-element_type=\"section\">\n\t\t\t\t\t\t<div class=\"elementor-container elementor-column-gap-default\">\n\t\t\t\t\t\t\t<div class=\"elementor-row\">\n\t\t\t\t\t<div class=\"elementor-column elementor-col-100 elementor-top-column elementor-element elementor-element-45eedd43\" data-id=\"45eedd43\" data-element_type=\"column\">\n\t\t\t<div class=\"elementor-column-wrap elementor-element-populated\">\n\t\t\t\t\t\t\t<div class=\"elementor-widget-wrap\">\n\t\t\t\t\t\t<div class=\"elementor-element elementor-element-22b7d764 elementor-widget elementor-widget-spacer\" data-id=\"22b7d764\" data-element_type=\"widget\" data-widget_type=\"spacer.default\">\n\t\t\t\t<div class=\"elementor-widget-container\">\n\t\t\t\t\t<div class=\"elementor-spacer\">\n\t\t\t<div class=\"elementor-spacer-inner\"><\/div>\n\t\t<\/div>\n\t\t\t\t<\/div>\n\t\t\t\t<\/div>\n\t\t\t\t\t\t<\/div>\n\t\t\t\t\t<\/div>\n\t\t<\/div>\n\t\t\t\t\t\t\t\t<\/div>\n\t\t\t\t\t<\/div>\n\t\t<\/section>\n\t\t\t\t\t\t<\/div>\n\t\t\t\t\t\t<\/div>\n\t\t\t\t\t<\/div>\n\t\t","protected":false},"excerpt":{"rendered":"<p>\u0110\u1ec3 l\u1ea1i tin nh\u1eafn \u0110\u1ec3 t\u00ecm hi\u1ec3u th\u00eam v\u1ec1 d\u1ecbch v\u1ee5, x\u00e1c nh\u1eadn \u0111\u1eb7t ph\u00f2ng hay c\u1ea7n gi\u1ea3i \u0111\u00e1p th\u1eafc m\u1eafc v\u1ec1 d\u1ecbch v\u1ee5, h\u00e3y&#8230;<\/p>\n","protected":false},"author":7,"featured_media":0,"parent":0,"menu_order":85,"comment_status":"closed","ping_status":"closed","template":"page-contact.php","meta":{"footnotes":""},"class_list":["post-1164","page","type-page","status-publish","hentry"],"yoast_head":"<!-- This site is optimized with the Yoast SEO plugin v25.8 - https:\/\/yoast.com\/wordpress\/plugins\/seo\/ -->\n<title>Norfolk Mansion | C\u0103n H\u1ed9 Cao C\u1ea5p S\u00e0i G\u00f2n | Li\u00ean H\u1ec7<\/title>\n<meta name=\"description\" content=\"Li\u00ean h\u1ec7 v\u1edbi ch\u00fang t\u00f4i \u0111\u1ec3 \u0111\u01b0\u1ee3c gi\u1ea3i \u0111\u00e1p v\u1ec1 c\u00e1c c\u00e2u h\u1ecfi, th\u1eafc m\u1eafc v\u1ec1 c\u00e1c c\u01a1 s\u1edf v\u00e0 d\u1ecbch v\u1ee5 c\u1ee7a Norfolk.\" \/>\n<meta name=\"robots\" content=\"index, follow, max-snippet:-1, max-image-preview:large, max-video-preview:-1\" \/>\n<link rel=\"canonical\" href=\"https:\/\/norfolkmansion.com\/vi\/lien-he-voi-chung-toi\/\" \/>\n<meta property=\"og:locale\" content=\"vi_VN\" \/>\n<meta property=\"og:type\" content=\"article\" \/>\n<meta property=\"og:title\" content=\"Norfolk Mansion | C\u0103n H\u1ed9 Cao C\u1ea5p S\u00e0i G\u00f2n | Li\u00ean H\u1ec7\" \/>\n<meta property=\"og:description\" content=\"Li\u00ean h\u1ec7 v\u1edbi ch\u00fang t\u00f4i \u0111\u1ec3 \u0111\u01b0\u1ee3c gi\u1ea3i \u0111\u00e1p v\u1ec1 c\u00e1c c\u00e2u h\u1ecfi, th\u1eafc m\u1eafc v\u1ec1 c\u00e1c c\u01a1 s\u1edf v\u00e0 d\u1ecbch v\u1ee5 c\u1ee7a Norfolk.\" \/>\n<meta property=\"og:url\" content=\"https:\/\/norfolkmansion.com\/vi\/lien-he-voi-chung-toi\/\" \/>\n<meta property=\"og:site_name\" content=\"Norfolk Mansion\" \/>\n<meta property=\"article:publisher\" content=\"https:\/\/www.facebook.com\/norfolkmansionsaigon\/\" \/>\n<meta property=\"article:modified_time\" content=\"2025-09-12T13:52:32+00:00\" \/>\n<meta property=\"og:image\" content=\"https:\/\/norfolkmansion.com\/wp-content\/uploads\/2019\/10\/img-8144@2x.jpg\" \/>\n<meta name=\"twitter:label1\" content=\"Est. reading time\" \/>\n\t<meta name=\"twitter:data1\" content=\"1 minute\" \/>\n<!-- \/ Yoast SEO plugin. -->","yoast_head_json":{"title":"Norfolk Mansion | C\u0103n H\u1ed9 Cao C\u1ea5p S\u00e0i G\u00f2n | Li\u00ean H\u1ec7","description":"Li\u00ean h\u1ec7 v\u1edbi ch\u00fang t\u00f4i \u0111\u1ec3 \u0111\u01b0\u1ee3c gi\u1ea3i \u0111\u00e1p v\u1ec1 c\u00e1c c\u00e2u h\u1ecfi, th\u1eafc m\u1eafc v\u1ec1 c\u00e1c c\u01a1 s\u1edf v\u00e0 d\u1ecbch v\u1ee5 c\u1ee7a Norfolk.","robots":{"index":"index","follow":"follow","max-snippet":"max-snippet:-1","max-image-preview":"max-image-preview:large","max-video-preview":"max-video-preview:-1"},"canonical":"https:\/\/norfolkmansion.com\/vi\/lien-he-voi-chung-toi\/","og_locale":"vi_VN","og_type":"article","og_title":"Norfolk Mansion | C\u0103n H\u1ed9 Cao C\u1ea5p S\u00e0i G\u00f2n | Li\u00ean H\u1ec7","og_description":"Li\u00ean h\u1ec7 v\u1edbi ch\u00fang t\u00f4i \u0111\u1ec3 \u0111\u01b0\u1ee3c gi\u1ea3i \u0111\u00e1p v\u1ec1 c\u00e1c c\u00e2u h\u1ecfi, th\u1eafc m\u1eafc v\u1ec1 c\u00e1c c\u01a1 s\u1edf v\u00e0 d\u1ecbch v\u1ee5 c\u1ee7a Norfolk.","og_url":"https:\/\/norfolkmansion.com\/vi\/lien-he-voi-chung-toi\/","og_site_name":"Norfolk Mansion","article_publisher":"https:\/\/www.facebook.com\/norfolkmansionsaigon\/","article_modified_time":"2025-09-12T13:52:32+00:00","og_image":[{"url":"https:\/\/norfolkmansion.com\/wp-content\/uploads\/2019\/10\/img-8144@2x.jpg","type":"","width":"","height":""}],"twitter_misc":{"Est. reading time":"1 minute"},"schema":{"@context":"https:\/\/schema.org","@graph":[{"@type":"WebPage","@id":"https:\/\/norfolkmansion.com\/vi\/lien-he-voi-chung-toi\/","url":"https:\/\/norfolkmansion.com\/vi\/lien-he-voi-chung-toi\/","name":"Norfolk Mansion | C\u0103n H\u1ed9 Cao C\u1ea5p S\u00e0i G\u00f2n | Li\u00ean H\u1ec7","isPartOf":{"@id":"https:\/\/norfolkmansion.com\/ko\/#website"},"primaryImageOfPage":{"@id":"https:\/\/norfolkmansion.com\/vi\/lien-he-voi-chung-toi\/#primaryimage"},"image":{"@id":"https:\/\/norfolkmansion.com\/vi\/lien-he-voi-chung-toi\/#primaryimage"},"thumbnailUrl":"https:\/\/norfolkmansion.com\/wp-content\/uploads\/2019\/10\/img-8144@2x.jpg","datePublished":"2019-10-30T11:55:35+00:00","dateModified":"2025-09-12T13:52:32+00:00","description":"Li\u00ean h\u1ec7 v\u1edbi ch\u00fang t\u00f4i \u0111\u1ec3 \u0111\u01b0\u1ee3c gi\u1ea3i \u0111\u00e1p v\u1ec1 c\u00e1c c\u00e2u h\u1ecfi, th\u1eafc m\u1eafc v\u1ec1 c\u00e1c c\u01a1 s\u1edf v\u00e0 d\u1ecbch v\u1ee5 c\u1ee7a Norfolk.","breadcrumb":{"@id":"https:\/\/norfolkmansion.com\/vi\/lien-he-voi-chung-toi\/#breadcrumb"},"inLanguage":"vi-VN","potentialAction":[{"@type":"ReadAction","target":["https:\/\/norfolkmansion.com\/vi\/lien-he-voi-chung-toi\/"]}]},{"@type":"ImageObject","inLanguage":"vi-VN","@id":"https:\/\/norfolkmansion.com\/vi\/lien-he-voi-chung-toi\/#primaryimage","url":"https:\/\/norfolkmansion.com\/wp-content\/uploads\/2019\/10\/img-8144@2x.jpg","contentUrl":"https:\/\/norfolkmansion.com\/wp-content\/uploads\/2019\/10\/img-8144@2x.jpg"},{"@type":"BreadcrumbList","@id":"https:\/\/norfolkmansion.com\/vi\/lien-he-voi-chung-toi\/#breadcrumb","itemListElement":[{"@type":"ListItem","position":1,"name":"Home","item":"https:\/\/norfolkmansion.com\/vi\/"},{"@type":"ListItem","position":2,"name":"Li\u00ean h\u1ec7 v\u1edbi ch\u00fang t\u00f4i"}]},{"@type":"WebSite","@id":"https:\/\/norfolkmansion.com\/ko\/#website","url":"https:\/\/norfolkmansion.com\/ko\/","name":"Norfolk Mansion","description":"The Ultimate City Living Experience in Saigon","publisher":{"@id":"https:\/\/norfolkmansion.com\/ko\/#organization"},"potentialAction":[{"@type":"SearchAction","target":{"@type":"EntryPoint","urlTemplate":"https:\/\/norfolkmansion.com\/ko\/?s={search_term_string}"},"query-input":{"@type":"PropertyValueSpecification","valueRequired":true,"valueName":"search_term_string"}}],"inLanguage":"vi-VN"},{"@type":"Organization","@id":"https:\/\/norfolkmansion.com\/ko\/#organization","name":"Norfolk Mansion - Luxury Apartments in Saigon, Vietnam","url":"https:\/\/norfolkmansion.com\/ko\/","logo":{"@type":"ImageObject","inLanguage":"vi-VN","@id":"https:\/\/norfolkmansion.com\/ko\/#\/schema\/logo\/image\/","url":"https:\/\/norfolkmansion.com\/wp-content\/uploads\/2019\/11\/Mansion-Exterior.jpg","contentUrl":"https:\/\/norfolkmansion.com\/wp-content\/uploads\/2019\/11\/Mansion-Exterior.jpg","width":800,"height":575,"caption":"Norfolk Mansion - Luxury Apartments in Saigon, Vietnam"},"image":{"@id":"https:\/\/norfolkmansion.com\/ko\/#\/schema\/logo\/image\/"},"sameAs":["https:\/\/www.facebook.com\/norfolkmansionsaigon\/","https:\/\/www.instagram.com\/norfolkmansion.saigon\/","https:\/\/www.linkedin.com\/company\/norfolkgroup"]}]}},"_links":{"self":[{"href":"https:\/\/norfolkmansion.com\/vi\/wp-json\/wp\/v2\/pages\/1164","targetHints":{"allow":["GET"]}}],"collection":[{"href":"https:\/\/norfolkmansion.com\/vi\/wp-json\/wp\/v2\/pages"}],"about":[{"href":"https:\/\/norfolkmansion.com\/vi\/wp-json\/wp\/v2\/types\/page"}],"author":[{"embeddable":true,"href":"https:\/\/norfolkmansion.com\/vi\/wp-json\/wp\/v2\/users\/7"}],"replies":[{"embeddable":true,"href":"https:\/\/norfolkmansion.com\/vi\/wp-json\/wp\/v2\/comments?post=1164"}],"version-history":[{"count":1,"href":"https:\/\/norfolkmansion.com\/vi\/wp-json\/wp\/v2\/pages\/1164\/revisions"}],"predecessor-version":[{"id":4751,"href":"https:\/\/norfolkmansion.com\/vi\/wp-json\/wp\/v2\/pages\/1164\/revisions\/4751"}],"wp:attachment":[{"href":"https:\/\/norfolkmansion.com\/vi\/wp-json\/wp\/v2\/media?parent=1164"}],"curies":[{"name":"wp","href":"https:\/\/api.w.org\/{rel}","templated":true}]}}