{"id":1162,"date":"2019-10-30T17:22:46","date_gmt":"2019-10-30T11:52:46","guid":{"rendered":"https:\/\/norfolkmansion.com\/uu-dai-dac-biet\/"},"modified":"2020-04-06T08:28:01","modified_gmt":"2020-04-06T02:58:01","slug":"uu-dai-dac-biet","status":"publish","type":"page","link":"https:\/\/norfolkmansion.com\/vi\/uu-dai-dac-biet\/","title":{"rendered":"\u01afu \u0111\u00e3i \u0111\u1eb7c bi\u1ec7t"},"content":{"rendered":"","protected":false},"excerpt":{"rendered":"","protected":false},"author":7,"featured_media":3151,"parent":0,"menu_order":78,"comment_status":"closed","ping_status":"closed","template":"page-specialoffers.php","meta":{"footnotes":""},"class_list":["post-1162","page","type-page","status-publish","has-post-thumbnail","hentry"],"yoast_head":"<!-- This site is optimized with the Yoast SEO plugin v25.8 - https:\/\/yoast.com\/wordpress\/plugins\/seo\/ -->\n<title>Norfolk Mansion | C\u0103n H\u1ed9 Cao C\u1ea5p S\u00e0i G\u00f2n | \u01afu \u0110\u00e3i \u0110\u1eb7c Bi\u1ec7t<\/title>\n<meta name=\"description\" content=\"Nhi\u1ec1u \u01b0u \u0111\u00e3i h\u1ea5p d\u1eabn cho l\u01b0u tr\u00fa v\u00e0 \u0103n u\u1ed1ng. H\u00e3y truy c\u1eadp \u0111\u1ec3 t\u00ecm hi\u1ec3u th\u00eam v\u1ec1 c\u00e1c \u01b0u \u0111\u00e3i n\u00e0y!\" \/>\n<meta name=\"robots\" content=\"index, follow, max-snippet:-1, max-image-preview:large, max-video-preview:-1\" \/>\n<link rel=\"canonical\" href=\"https:\/\/norfolkmansion.com\/vi\/uu-dai-dac-biet\/\" \/>\n<meta property=\"og:locale\" content=\"vi_VN\" \/>\n<meta property=\"og:type\" content=\"article\" \/>\n<meta property=\"og:title\" content=\"Norfolk Mansion | C\u0103n H\u1ed9 Cao C\u1ea5p S\u00e0i G\u00f2n | \u01afu \u0110\u00e3i \u0110\u1eb7c Bi\u1ec7t\" \/>\n<meta property=\"og:description\" content=\"Nhi\u1ec1u \u01b0u \u0111\u00e3i h\u1ea5p d\u1eabn cho l\u01b0u tr\u00fa v\u00e0 \u0103n u\u1ed1ng. H\u00e3y truy c\u1eadp \u0111\u1ec3 t\u00ecm hi\u1ec3u th\u00eam v\u1ec1 c\u00e1c \u01b0u \u0111\u00e3i n\u00e0y!\" \/>\n<meta property=\"og:url\" content=\"https:\/\/norfolkmansion.com\/vi\/uu-dai-dac-biet\/\" \/>\n<meta property=\"og:site_name\" content=\"Norfolk Mansion\" \/>\n<meta property=\"article:publisher\" content=\"https:\/\/www.facebook.com\/norfolkmansionsaigon\/\" \/>\n<meta property=\"article:modified_time\" content=\"2020-04-06T02:58:01+00:00\" \/>\n<meta property=\"og:image\" content=\"https:\/\/norfolkmansion.com\/wp-content\/uploads\/2020\/02\/Braised-Bird\u2019s-Nest-in-Whole-Pumpkin-B_1767-x640-scaled.jpg\" \/>\n\t<meta property=\"og:image:width\" content=\"2560\" \/>\n\t<meta property=\"og:image:height\" content=\"876\" \/>\n\t<meta property=\"og:image:type\" content=\"image\/jpeg\" \/>\n<!-- \/ Yoast SEO plugin. -->","yoast_head_json":{"title":"Norfolk Mansion | C\u0103n H\u1ed9 Cao C\u1ea5p S\u00e0i G\u00f2n | \u01afu \u0110\u00e3i \u0110\u1eb7c Bi\u1ec7t","description":"Nhi\u1ec1u \u01b0u \u0111\u00e3i h\u1ea5p d\u1eabn cho l\u01b0u tr\u00fa v\u00e0 \u0103n u\u1ed1ng. H\u00e3y truy c\u1eadp \u0111\u1ec3 t\u00ecm hi\u1ec3u th\u00eam v\u1ec1 c\u00e1c \u01b0u \u0111\u00e3i n\u00e0y!","robots":{"index":"index","follow":"follow","max-snippet":"max-snippet:-1","max-image-preview":"max-image-preview:large","max-video-preview":"max-video-preview:-1"},"canonical":"https:\/\/norfolkmansion.com\/vi\/uu-dai-dac-biet\/","og_locale":"vi_VN","og_type":"article","og_title":"Norfolk Mansion | C\u0103n H\u1ed9 Cao C\u1ea5p S\u00e0i G\u00f2n | \u01afu \u0110\u00e3i \u0110\u1eb7c Bi\u1ec7t","og_description":"Nhi\u1ec1u \u01b0u \u0111\u00e3i h\u1ea5p d\u1eabn cho l\u01b0u tr\u00fa v\u00e0 \u0103n u\u1ed1ng. H\u00e3y truy c\u1eadp \u0111\u1ec3 t\u00ecm hi\u1ec3u th\u00eam v\u1ec1 c\u00e1c \u01b0u \u0111\u00e3i n\u00e0y!","og_url":"https:\/\/norfolkmansion.com\/vi\/uu-dai-dac-biet\/","og_site_name":"Norfolk Mansion","article_publisher":"https:\/\/www.facebook.com\/norfolkmansionsaigon\/","article_modified_time":"2020-04-06T02:58:01+00:00","og_image":[{"width":2560,"height":876,"url":"https:\/\/norfolkmansion.com\/wp-content\/uploads\/2020\/02\/Braised-Bird\u2019s-Nest-in-Whole-Pumpkin-B_1767-x640-scaled.jpg","type":"image\/jpeg"}],"schema":{"@context":"https:\/\/schema.org","@graph":[{"@type":"WebPage","@id":"https:\/\/norfolkmansion.com\/vi\/uu-dai-dac-biet\/","url":"https:\/\/norfolkmansion.com\/vi\/uu-dai-dac-biet\/","name":"Norfolk Mansion | C\u0103n H\u1ed9 Cao C\u1ea5p S\u00e0i G\u00f2n | \u01afu \u0110\u00e3i \u0110\u1eb7c Bi\u1ec7t","isPartOf":{"@id":"https:\/\/norfolkmansion.com\/ko\/#website"},"primaryImageOfPage":{"@id":"https:\/\/norfolkmansion.com\/vi\/uu-dai-dac-biet\/#primaryimage"},"image":{"@id":"https:\/\/norfolkmansion.com\/vi\/uu-dai-dac-biet\/#primaryimage"},"thumbnailUrl":"https:\/\/norfolkmansion.com\/wp-content\/uploads\/2020\/02\/Braised-Bird\u2019s-Nest-in-Whole-Pumpkin-B_1767-x640-scaled.jpg","datePublished":"2019-10-30T11:52:46+00:00","dateModified":"2020-04-06T02:58:01+00:00","description":"Nhi\u1ec1u \u01b0u \u0111\u00e3i h\u1ea5p d\u1eabn cho l\u01b0u tr\u00fa v\u00e0 \u0103n u\u1ed1ng. H\u00e3y truy c\u1eadp \u0111\u1ec3 t\u00ecm hi\u1ec3u th\u00eam v\u1ec1 c\u00e1c \u01b0u \u0111\u00e3i n\u00e0y!","breadcrumb":{"@id":"https:\/\/norfolkmansion.com\/vi\/uu-dai-dac-biet\/#breadcrumb"},"inLanguage":"vi-VN","potentialAction":[{"@type":"ReadAction","target":["https:\/\/norfolkmansion.com\/vi\/uu-dai-dac-biet\/"]}]},{"@type":"ImageObject","inLanguage":"vi-VN","@id":"https:\/\/norfolkmansion.com\/vi\/uu-dai-dac-biet\/#primaryimage","url":"https:\/\/norfolkmansion.com\/wp-content\/uploads\/2020\/02\/Braised-Bird\u2019s-Nest-in-Whole-Pumpkin-B_1767-x640-scaled.jpg","contentUrl":"https:\/\/norfolkmansion.com\/wp-content\/uploads\/2020\/02\/Braised-Bird\u2019s-Nest-in-Whole-Pumpkin-B_1767-x640-scaled.jpg","width":2560,"height":876,"caption":"braised bird's nest in whole pumpkin"},{"@type":"BreadcrumbList","@id":"https:\/\/norfolkmansion.com\/vi\/uu-dai-dac-biet\/#breadcrumb","itemListElement":[{"@type":"ListItem","position":1,"name":"Home","item":"https:\/\/norfolkmansion.com\/vi\/"},{"@type":"ListItem","position":2,"name":"\u01afu \u0111\u00e3i \u0111\u1eb7c bi\u1ec7t"}]},{"@type":"WebSite","@id":"https:\/\/norfolkmansion.com\/ko\/#website","url":"https:\/\/norfolkmansion.com\/ko\/","name":"Norfolk Mansion","description":"The Ultimate City Living Experience in Saigon","publisher":{"@id":"https:\/\/norfolkmansion.com\/ko\/#organization"},"potentialAction":[{"@type":"SearchAction","target":{"@type":"EntryPoint","urlTemplate":"https:\/\/norfolkmansion.com\/ko\/?s={search_term_string}"},"query-input":{"@type":"PropertyValueSpecification","valueRequired":true,"valueName":"search_term_string"}}],"inLanguage":"vi-VN"},{"@type":"Organization","@id":"https:\/\/norfolkmansion.com\/ko\/#organization","name":"Norfolk Mansion - Luxury Apartments in Saigon, Vietnam","url":"https:\/\/norfolkmansion.com\/ko\/","logo":{"@type":"ImageObject","inLanguage":"vi-VN","@id":"https:\/\/norfolkmansion.com\/ko\/#\/schema\/logo\/image\/","url":"https:\/\/norfolkmansion.com\/wp-content\/uploads\/2019\/11\/Mansion-Exterior.jpg","contentUrl":"https:\/\/norfolkmansion.com\/wp-content\/uploads\/2019\/11\/Mansion-Exterior.jpg","width":800,"height":575,"caption":"Norfolk Mansion - Luxury Apartments in Saigon, Vietnam"},"image":{"@id":"https:\/\/norfolkmansion.com\/ko\/#\/schema\/logo\/image\/"},"sameAs":["https:\/\/www.facebook.com\/norfolkmansionsaigon\/","https:\/\/www.instagram.com\/norfolkmansion.saigon\/","https:\/\/www.linkedin.com\/company\/norfolkgroup"]}]}},"_links":{"self":[{"href":"https:\/\/norfolkmansion.com\/vi\/wp-json\/wp\/v2\/pages\/1162","targetHints":{"allow":["GET"]}}],"collection":[{"href":"https:\/\/norfolkmansion.com\/vi\/wp-json\/wp\/v2\/pages"}],"about":[{"href":"https:\/\/norfolkmansion.com\/vi\/wp-json\/wp\/v2\/types\/page"}],"author":[{"embeddable":true,"href":"https:\/\/norfolkmansion.com\/vi\/wp-json\/wp\/v2\/users\/7"}],"replies":[{"embeddable":true,"href":"https:\/\/norfolkmansion.com\/vi\/wp-json\/wp\/v2\/comments?post=1162"}],"version-history":[{"count":0,"href":"https:\/\/norfolkmansion.com\/vi\/wp-json\/wp\/v2\/pages\/1162\/revisions"}],"wp:featuredmedia":[{"embeddable":true,"href":"https:\/\/norfolkmansion.com\/vi\/wp-json\/wp\/v2\/media\/3151"}],"wp:attachment":[{"href":"https:\/\/norfolkmansion.com\/vi\/wp-json\/wp\/v2\/media?parent=1162"}],"curies":[{"name":"wp","href":"https:\/\/api.w.org\/{rel}","templated":true}]}}