{"id":1160,"date":"2019-10-30T17:21:34","date_gmt":"2019-10-30T11:51:34","guid":{"rendered":"https:\/\/norfolkmansion.com\/am-thuc\/"},"modified":"2020-04-06T08:31:32","modified_gmt":"2020-04-06T03:01:32","slug":"am-thuc","status":"publish","type":"page","link":"https:\/\/norfolkmansion.com\/vi\/am-thuc\/","title":{"rendered":"\u1ea8m th\u1ef1c"},"content":{"rendered":"","protected":false},"excerpt":{"rendered":"","protected":false},"author":7,"featured_media":3019,"parent":0,"menu_order":82,"comment_status":"closed","ping_status":"closed","template":"page-wineanddine.php","meta":{"footnotes":""},"class_list":["post-1160","page","type-page","status-publish","has-post-thumbnail","hentry"],"yoast_head":"<!-- This site is optimized with the Yoast SEO plugin v25.8 - https:\/\/yoast.com\/wordpress\/plugins\/seo\/ -->\n<title>Norfolk Mansion | D\u1ecbch V\u1ee5 Trong C\u0103n H\u1ed9 | \u1ea8m Th\u1ef1c<\/title>\n<meta name=\"description\" content=\"Nh\u00e0 h\u00e0ng trong khu\u00f4n vi\u00ean Norfolk, v\u1edbi phong c\u00e1ch v\u00e0 m\u00f9i v\u1ecb nguy\u00ean b\u1ea3n, ph\u00f9 h\u1ee3p cho c\u1ea3 bu\u1ed5i ti\u1ec7c sang tr\u1ecdng l\u1eabn h\u1ecdp m\u1eb7t th\u00e2n m\u1eadt.\" \/>\n<meta name=\"robots\" content=\"index, follow, max-snippet:-1, max-image-preview:large, max-video-preview:-1\" \/>\n<link rel=\"canonical\" href=\"https:\/\/norfolkmansion.com\/vi\/am-thuc\/\" \/>\n<meta property=\"og:locale\" content=\"vi_VN\" \/>\n<meta property=\"og:type\" content=\"article\" \/>\n<meta property=\"og:title\" content=\"Norfolk Mansion | D\u1ecbch V\u1ee5 Trong C\u0103n H\u1ed9 | \u1ea8m Th\u1ef1c\" \/>\n<meta property=\"og:description\" content=\"Nh\u00e0 h\u00e0ng trong khu\u00f4n vi\u00ean Norfolk, v\u1edbi phong c\u00e1ch v\u00e0 m\u00f9i v\u1ecb nguy\u00ean b\u1ea3n, ph\u00f9 h\u1ee3p cho c\u1ea3 bu\u1ed5i ti\u1ec7c sang tr\u1ecdng l\u1eabn h\u1ecdp m\u1eb7t th\u00e2n m\u1eadt.\" \/>\n<meta property=\"og:url\" content=\"https:\/\/norfolkmansion.com\/vi\/am-thuc\/\" \/>\n<meta property=\"og:site_name\" content=\"Norfolk Mansion\" \/>\n<meta property=\"article:publisher\" content=\"https:\/\/www.facebook.com\/norfolkmansionsaigon\/\" \/>\n<meta property=\"article:modified_time\" content=\"2020-04-06T03:01:32+00:00\" \/>\n<meta property=\"og:image\" content=\"https:\/\/norfolkmansion.com\/wp-content\/uploads\/2019\/12\/Shang-Palace-1.jpg\" \/>\n\t<meta property=\"og:image:width\" content=\"1087\" \/>\n\t<meta property=\"og:image:height\" content=\"394\" \/>\n\t<meta property=\"og:image:type\" content=\"image\/jpeg\" \/>\n<!-- \/ Yoast SEO plugin. -->","yoast_head_json":{"title":"Norfolk Mansion | D\u1ecbch V\u1ee5 Trong C\u0103n H\u1ed9 | \u1ea8m Th\u1ef1c","description":"Nh\u00e0 h\u00e0ng trong khu\u00f4n vi\u00ean Norfolk, v\u1edbi phong c\u00e1ch v\u00e0 m\u00f9i v\u1ecb nguy\u00ean b\u1ea3n, ph\u00f9 h\u1ee3p cho c\u1ea3 bu\u1ed5i ti\u1ec7c sang tr\u1ecdng l\u1eabn h\u1ecdp m\u1eb7t th\u00e2n m\u1eadt.","robots":{"index":"index","follow":"follow","max-snippet":"max-snippet:-1","max-image-preview":"max-image-preview:large","max-video-preview":"max-video-preview:-1"},"canonical":"https:\/\/norfolkmansion.com\/vi\/am-thuc\/","og_locale":"vi_VN","og_type":"article","og_title":"Norfolk Mansion | D\u1ecbch V\u1ee5 Trong C\u0103n H\u1ed9 | \u1ea8m Th\u1ef1c","og_description":"Nh\u00e0 h\u00e0ng trong khu\u00f4n vi\u00ean Norfolk, v\u1edbi phong c\u00e1ch v\u00e0 m\u00f9i v\u1ecb nguy\u00ean b\u1ea3n, ph\u00f9 h\u1ee3p cho c\u1ea3 bu\u1ed5i ti\u1ec7c sang tr\u1ecdng l\u1eabn h\u1ecdp m\u1eb7t th\u00e2n m\u1eadt.","og_url":"https:\/\/norfolkmansion.com\/vi\/am-thuc\/","og_site_name":"Norfolk Mansion","article_publisher":"https:\/\/www.facebook.com\/norfolkmansionsaigon\/","article_modified_time":"2020-04-06T03:01:32+00:00","og_image":[{"width":1087,"height":394,"url":"https:\/\/norfolkmansion.com\/wp-content\/uploads\/2019\/12\/Shang-Palace-1.jpg","type":"image\/jpeg"}],"schema":{"@context":"https:\/\/schema.org","@graph":[{"@type":"WebPage","@id":"https:\/\/norfolkmansion.com\/vi\/am-thuc\/","url":"https:\/\/norfolkmansion.com\/vi\/am-thuc\/","name":"Norfolk Mansion | D\u1ecbch V\u1ee5 Trong C\u0103n H\u1ed9 | \u1ea8m Th\u1ef1c","isPartOf":{"@id":"https:\/\/norfolkmansion.com\/ko\/#website"},"primaryImageOfPage":{"@id":"https:\/\/norfolkmansion.com\/vi\/am-thuc\/#primaryimage"},"image":{"@id":"https:\/\/norfolkmansion.com\/vi\/am-thuc\/#primaryimage"},"thumbnailUrl":"https:\/\/norfolkmansion.com\/wp-content\/uploads\/2019\/12\/Shang-Palace-1.jpg","datePublished":"2019-10-30T11:51:34+00:00","dateModified":"2020-04-06T03:01:32+00:00","description":"Nh\u00e0 h\u00e0ng trong khu\u00f4n vi\u00ean Norfolk, v\u1edbi phong c\u00e1ch v\u00e0 m\u00f9i v\u1ecb nguy\u00ean b\u1ea3n, ph\u00f9 h\u1ee3p cho c\u1ea3 bu\u1ed5i ti\u1ec7c sang tr\u1ecdng l\u1eabn h\u1ecdp m\u1eb7t th\u00e2n m\u1eadt.","breadcrumb":{"@id":"https:\/\/norfolkmansion.com\/vi\/am-thuc\/#breadcrumb"},"inLanguage":"vi-VN","potentialAction":[{"@type":"ReadAction","target":["https:\/\/norfolkmansion.com\/vi\/am-thuc\/"]}]},{"@type":"ImageObject","inLanguage":"vi-VN","@id":"https:\/\/norfolkmansion.com\/vi\/am-thuc\/#primaryimage","url":"https:\/\/norfolkmansion.com\/wp-content\/uploads\/2019\/12\/Shang-Palace-1.jpg","contentUrl":"https:\/\/norfolkmansion.com\/wp-content\/uploads\/2019\/12\/Shang-Palace-1.jpg","width":1087,"height":394,"caption":"Shang Palace"},{"@type":"BreadcrumbList","@id":"https:\/\/norfolkmansion.com\/vi\/am-thuc\/#breadcrumb","itemListElement":[{"@type":"ListItem","position":1,"name":"Home","item":"https:\/\/norfolkmansion.com\/vi\/"},{"@type":"ListItem","position":2,"name":"\u1ea8m th\u1ef1c"}]},{"@type":"WebSite","@id":"https:\/\/norfolkmansion.com\/ko\/#website","url":"https:\/\/norfolkmansion.com\/ko\/","name":"Norfolk Mansion","description":"The Ultimate City Living Experience in Saigon","publisher":{"@id":"https:\/\/norfolkmansion.com\/ko\/#organization"},"potentialAction":[{"@type":"SearchAction","target":{"@type":"EntryPoint","urlTemplate":"https:\/\/norfolkmansion.com\/ko\/?s={search_term_string}"},"query-input":{"@type":"PropertyValueSpecification","valueRequired":true,"valueName":"search_term_string"}}],"inLanguage":"vi-VN"},{"@type":"Organization","@id":"https:\/\/norfolkmansion.com\/ko\/#organization","name":"Norfolk Mansion - Luxury Apartments in Saigon, Vietnam","url":"https:\/\/norfolkmansion.com\/ko\/","logo":{"@type":"ImageObject","inLanguage":"vi-VN","@id":"https:\/\/norfolkmansion.com\/ko\/#\/schema\/logo\/image\/","url":"https:\/\/norfolkmansion.com\/wp-content\/uploads\/2019\/11\/Mansion-Exterior.jpg","contentUrl":"https:\/\/norfolkmansion.com\/wp-content\/uploads\/2019\/11\/Mansion-Exterior.jpg","width":800,"height":575,"caption":"Norfolk Mansion - Luxury Apartments in Saigon, Vietnam"},"image":{"@id":"https:\/\/norfolkmansion.com\/ko\/#\/schema\/logo\/image\/"},"sameAs":["https:\/\/www.facebook.com\/norfolkmansionsaigon\/","https:\/\/www.instagram.com\/norfolkmansion.saigon\/","https:\/\/www.linkedin.com\/company\/norfolkgroup"]}]}},"_links":{"self":[{"href":"https:\/\/norfolkmansion.com\/vi\/wp-json\/wp\/v2\/pages\/1160","targetHints":{"allow":["GET"]}}],"collection":[{"href":"https:\/\/norfolkmansion.com\/vi\/wp-json\/wp\/v2\/pages"}],"about":[{"href":"https:\/\/norfolkmansion.com\/vi\/wp-json\/wp\/v2\/types\/page"}],"author":[{"embeddable":true,"href":"https:\/\/norfolkmansion.com\/vi\/wp-json\/wp\/v2\/users\/7"}],"replies":[{"embeddable":true,"href":"https:\/\/norfolkmansion.com\/vi\/wp-json\/wp\/v2\/comments?post=1160"}],"version-history":[{"count":0,"href":"https:\/\/norfolkmansion.com\/vi\/wp-json\/wp\/v2\/pages\/1160\/revisions"}],"wp:featuredmedia":[{"embeddable":true,"href":"https:\/\/norfolkmansion.com\/vi\/wp-json\/wp\/v2\/media\/3019"}],"wp:attachment":[{"href":"https:\/\/norfolkmansion.com\/vi\/wp-json\/wp\/v2\/media?parent=1160"}],"curies":[{"name":"wp","href":"https:\/\/api.w.org\/{rel}","templated":true}]}}